{"id":526,"date":"2015-04-20T11:49:39","date_gmt":"2015-04-20T11:49:39","guid":{"rendered":"http:\/\/welfare.cmsmasters.net\/?page_id=526"},"modified":"2023-01-03T14:40:51","modified_gmt":"2023-01-03T14:40:51","slug":"ultimele-stiri","status":"publish","type":"page","link":"https:\/\/cczimbrulsuceava.ro\/index.php\/ultimele-stiri\/","title":{"rendered":"Blog"},"content":{"rendered":"<style type=\"text\/css\"> \n#cmsmasters_row_6a046478c0511 .cmsmasters_row_outer_parent { \n\tpadding-top: 50px; \n} \n\n#cmsmasters_row_6a046478c0511 .cmsmasters_row_outer_parent { \n\tpadding-bottom: 50px; \n} \n\n \n#cmsmasters_heading_6a046478c05b1 { \n\ttext-align:center; \n\tmargin-top:0px; \n\tmargin-bottom:30px; \n} \n\n#cmsmasters_heading_6a046478c05b1 .cmsmasters_heading { \n\ttext-align:center; \n} \n\n#cmsmasters_heading_6a046478c05b1 .cmsmasters_heading, #cmsmasters_heading_6a046478c05b1 .cmsmasters_heading a { \n\tfont-size:32px; \n\tline-height:36px; \n\tfont-weight:700; \n\tfont-style:normal; \n} \n\n#cmsmasters_heading_6a046478c05b1 .cmsmasters_heading_divider { \n} \n\n \n#cmsmasters_divider_6a046478c05ce { \n\tborder-bottom-width:1px; \n\tborder-bottom-style:solid; \n\tpadding-top:0px; \n\tmargin-bottom:40px; \n} \n<\/style><div id=\"cmsmasters_row_6a046478c0511\" class=\"cmsmasters_row cmsmasters_color_scheme_default cmsmasters_row_top_default cmsmasters_row_bot_default cmsmasters_row_boxed\">\n<div class=\"cmsmasters_row_outer_parent\">\n<div class=\"cmsmasters_row_outer\">\n<div class=\"cmsmasters_row_inner\">\n<div class=\"cmsmasters_row_margin\">\n<div class=\"cmsmasters_column one_first\">\n\n<div id=\"cmsmasters_heading_6a046478c05b1\" class=\"cmsmasters_heading_wrap cmsmasters_heading_align_center\">\n\t<h1 class=\"cmsmasters_heading\">Articole<\/h1>\n<\/div>\n<div id=\"cmsmasters_divider_6a046478c05ce\" class=\"cmsmasters_divider cmsmasters_divider_width_long cmsmasters_divider_pos_center\"><\/div><div class=\"cmsmasters_wrap_blog entry-summary\" id=\"blog_6a046478c05e7\"><script type=\"text\/javascript\">\r\njQuery(document).ready(function () {\r\n\t(function ($) {\r\n\t\tif ($('#blog_6a046478c05e7').find('article').length == '0') {\r\n\t\t\treturn false;\r\n\t\t}\r\n\t\t\r\n\t\t\r\n\t\tstartBlog( \r\n\t\t\t'6a046478c05e7', \r\n\t\t\t'columns', \r\n\t\t\t'masonry', \r\n\t\t\t'https:\/\/cczimbrulsuceava.ro\/wp-content\/plugins\/cmsmasters-content-composer\/', \r\n\t\t\t'date', \r\n\t\t\t'DESC', \r\n\t\t\t'8', \r\n\t\t\t'', \r\n\t\t\t'date,categories,author,comments,likes' \r\n\t\t);\r\n\t} )(jQuery);\r\n} );\r\n<\/script>\r\n<div class=\"blog columns masonry cmsmasters_4\">\r\n<!--_________________________ Start Standard Article _________________________ -->\r\n\r\n<article id=\"post-9967\" class=\"cmsmasters_post_masonry post-9967 post type-post status-publish format-standard has-post-thumbnail hentry category-news tag-centrul-comercial-zimbrul-suceava tag-orar-paste-2023\" data-category=\"news\">\r\n\t<div class=\"cmsmasters_post_cont\">\r\n\t<div class=\"cmsmasters_date_img_wrap\"><figure class=\"cmsmasters_img_wrap\"><a href=\"https:\/\/cczimbrulsuceava.ro\/index.php\/2024\/05\/03\/orar-sarbatori-pascale-2024\/\" title=\"Orar S\u0103rb\u0103tori Pascale 2024\" class=\"cmsmasters_img_link preloader\"><img loading=\"lazy\" decoding=\"async\" width=\"580\" height=\"375\" src=\"https:\/\/cczimbrulsuceava.ro\/wp-content\/uploads\/2024\/05\/Program-Sarbatori-de-Paste-2024-Centrul-Comercial-Zimbrul-580x375.jpg\" class=\"full-width wp-post-image\" alt=\"Orar S\u0103rb\u0103tori Pascale 2024\" title=\"Orar S\u0103rb\u0103tori Pascale 2024\" srcset=\"https:\/\/cczimbrulsuceava.ro\/wp-content\/uploads\/2024\/05\/Program-Sarbatori-de-Paste-2024-Centrul-Comercial-Zimbrul-580x375.jpg 580w, https:\/\/cczimbrulsuceava.ro\/wp-content\/uploads\/2024\/05\/Program-Sarbatori-de-Paste-2024-Centrul-Comercial-Zimbrul-1160x750.jpg 1160w\" sizes=\"auto, (max-width: 580px) 100vw, 580px\" \/><\/a><\/figure><span class=\"cmsmasters_post_date\"><abbr class=\"published\" title=\"3 mai 2024\">3 mai 2024<\/abbr><abbr class=\"dn date updated\" title=\"3 mai 2024\">3 mai 2024<\/abbr><\/span><\/div><header class=\"cmsmasters_post_header entry-header\"><h3 class=\"cmsmasters_post_title entry-title\"><a href=\"https:\/\/cczimbrulsuceava.ro\/index.php\/2024\/05\/03\/orar-sarbatori-pascale-2024\/\">Orar S\u0103rb\u0103tori Pascale 2024<\/a><\/h3><\/header><div class=\"cmsmasters_post_cont_info entry-meta\"><span class=\"cmsmasters_post_author\">de <a href=\"https:\/\/cczimbrulsuceava.ro\/index.php\/author\/geko\/\" title=\"Posts by GEKO\" class=\"vcard author\"><span class=\"fn\" rel=\"author\">GEKO<\/span><\/a><\/span><span class=\"cmsmasters_post_category\">In <a href=\"https:\/\/cczimbrulsuceava.ro\/index.php\/category\/news\/\" class=\"cmsmasters_cat_color cmsmasters_cat_19\" rel=\"category tag\">News<\/a><\/span><\/div><div class=\"cmsmasters_post_content entry-content\">\n<p>Cu ocazia S\u0103rb\u0103torilor de Pa\u0219ti ce se apropie orarul se modific\u0103 temporar dup\u0103 progamul de mai sus. Administra\u021bia C.C.Z. ureaz\u0103...<\/p>\n<\/div>\n<footer class=\"cmsmasters_post_footer entry-meta\"><span class=\"cmsmasters_likes cmsmasters_post_likes\"><a href=\"#\" onclick=\"cmsmastersLike(9967); return false;\" id=\"cmsmastersLike-9967\" class=\"cmsmastersLike cmsmasters_theme_icon_like\"><span>0<\/span><\/a><\/span><span class=\"cmsmasters_comments cmsmasters_post_comments\"><a class=\"cmsmasters_theme_icon_comment\" href=\"https:\/\/cczimbrulsuceava.ro\/index.php\/2024\/05\/03\/orar-sarbatori-pascale-2024\/#respond\" title=\"Comment on Orar S\u0103rb\u0103tori Pascale 2024\"><span>0<\/span><\/a><\/span><\/footer>\t<\/div>\r\n<\/article>\r\n<!--_________________________ Finish Standard Article _________________________ -->\r\n\r\n\r\n<!--_________________________ Start Standard Article _________________________ -->\r\n\r\n<article id=\"post-9962\" class=\"cmsmasters_post_masonry post-9962 post type-post status-publish format-standard has-post-thumbnail hentry category-news tag-centrul-comercial-zimbrul-suceava tag-orar-functionare\" data-category=\"news\">\r\n\t<div class=\"cmsmasters_post_cont\">\r\n\t<div class=\"cmsmasters_date_img_wrap\"><figure class=\"cmsmasters_img_wrap\"><a href=\"https:\/\/cczimbrulsuceava.ro\/index.php\/2024\/04\/29\/noul-program-de-functionare-al-complexului-comercial-zimbrul-suceava\/\" title=\"Noul program de func\u021bionare al Complexului Comercial &#8222;Zimbrul&#8221; Suceava\" class=\"cmsmasters_img_link preloader\"><img loading=\"lazy\" decoding=\"async\" width=\"580\" height=\"375\" src=\"https:\/\/cczimbrulsuceava.ro\/wp-content\/uploads\/2024\/04\/Program-Modificat-CCZ-580x375.jpg\" class=\"full-width wp-post-image\" alt=\"Noul program de func\u021bionare al Complexului Comercial &#8222;Zimbrul&#8221; Suceava\" title=\"Noul program de func\u021bionare al Complexului Comercial &#8222;Zimbrul&#8221; Suceava\" srcset=\"https:\/\/cczimbrulsuceava.ro\/wp-content\/uploads\/2024\/04\/Program-Modificat-CCZ-580x375.jpg 580w, https:\/\/cczimbrulsuceava.ro\/wp-content\/uploads\/2024\/04\/Program-Modificat-CCZ-1160x750.jpg 1160w\" sizes=\"auto, (max-width: 580px) 100vw, 580px\" \/><\/a><\/figure><span class=\"cmsmasters_post_date\"><abbr class=\"published\" title=\"29 aprilie 2024\">29 aprilie 2024<\/abbr><abbr class=\"dn date updated\" title=\"29 aprilie 2024\">29 aprilie 2024<\/abbr><\/span><\/div><header class=\"cmsmasters_post_header entry-header\"><h3 class=\"cmsmasters_post_title entry-title\"><a href=\"https:\/\/cczimbrulsuceava.ro\/index.php\/2024\/04\/29\/noul-program-de-functionare-al-complexului-comercial-zimbrul-suceava\/\">Noul program de func\u021bionare al Complexului Comercial &#8222;Zimbrul&#8221; Suceava<\/a><\/h3><\/header><div class=\"cmsmasters_post_cont_info entry-meta\"><span class=\"cmsmasters_post_author\">de <a href=\"https:\/\/cczimbrulsuceava.ro\/index.php\/author\/geko\/\" title=\"Posts by GEKO\" class=\"vcard author\"><span class=\"fn\" rel=\"author\">GEKO<\/span><\/a><\/span><span class=\"cmsmasters_post_category\">In <a href=\"https:\/\/cczimbrulsuceava.ro\/index.php\/category\/news\/\" class=\"cmsmasters_cat_color cmsmasters_cat_19\" rel=\"category tag\">News<\/a><\/span><\/div><footer class=\"cmsmasters_post_footer entry-meta\"><span class=\"cmsmasters_likes cmsmasters_post_likes\"><a href=\"#\" onclick=\"cmsmastersLike(9962); return false;\" id=\"cmsmastersLike-9962\" class=\"cmsmastersLike cmsmasters_theme_icon_like\"><span>0<\/span><\/a><\/span><span class=\"cmsmasters_comments cmsmasters_post_comments\"><a class=\"cmsmasters_theme_icon_comment\" href=\"https:\/\/cczimbrulsuceava.ro\/index.php\/2024\/04\/29\/noul-program-de-functionare-al-complexului-comercial-zimbrul-suceava\/#respond\" title=\"Comment on Noul program de func\u021bionare al Complexului Comercial &#8222;Zimbrul&#8221; Suceava\"><span>0<\/span><\/a><\/span><\/footer>\t<\/div>\r\n<\/article>\r\n<!--_________________________ Finish Standard Article _________________________ -->\r\n\r\n\r\n<!--_________________________ Start Standard Article _________________________ -->\r\n\r\n<article id=\"post-9954\" class=\"cmsmasters_post_masonry post-9954 post type-post status-publish format-standard has-post-thumbnail hentry category-news tag-centrul-comercial-zimbrul-suceava tag-orar-functionare\" data-category=\"news\">\r\n\t<div class=\"cmsmasters_post_cont\">\r\n\t<div class=\"cmsmasters_date_img_wrap\"><figure class=\"cmsmasters_img_wrap\"><a href=\"https:\/\/cczimbrulsuceava.ro\/index.php\/2023\/12\/11\/program-special-de-functionare-decembrie-2023\/\" title=\"Program special de func\u021bionare &#8211; decembrie 2023\" class=\"cmsmasters_img_link preloader\"><img loading=\"lazy\" decoding=\"async\" width=\"580\" height=\"375\" src=\"https:\/\/cczimbrulsuceava.ro\/wp-content\/uploads\/2023\/12\/Program-Sarbatori-2024-580x375.jpg\" class=\"full-width wp-post-image\" alt=\"Program special de func\u021bionare &#8211; decembrie 2023\" title=\"Program special de func\u021bionare &#8211; decembrie 2023\" srcset=\"https:\/\/cczimbrulsuceava.ro\/wp-content\/uploads\/2023\/12\/Program-Sarbatori-2024-580x375.jpg 580w, https:\/\/cczimbrulsuceava.ro\/wp-content\/uploads\/2023\/12\/Program-Sarbatori-2024-1160x750.jpg 1160w\" sizes=\"auto, (max-width: 580px) 100vw, 580px\" \/><\/a><\/figure><span class=\"cmsmasters_post_date\"><abbr class=\"published\" title=\"11 decembrie 2023\">11 decembrie 2023<\/abbr><abbr class=\"dn date updated\" title=\"12 decembrie 2023\">12 decembrie 2023<\/abbr><\/span><\/div><header class=\"cmsmasters_post_header entry-header\"><h3 class=\"cmsmasters_post_title entry-title\"><a href=\"https:\/\/cczimbrulsuceava.ro\/index.php\/2023\/12\/11\/program-special-de-functionare-decembrie-2023\/\">Program special de func\u021bionare &#8211; decembrie 2023<\/a><\/h3><\/header><div class=\"cmsmasters_post_cont_info entry-meta\"><span class=\"cmsmasters_post_author\">de <a href=\"https:\/\/cczimbrulsuceava.ro\/index.php\/author\/geko\/\" title=\"Posts by GEKO\" class=\"vcard author\"><span class=\"fn\" rel=\"author\">GEKO<\/span><\/a><\/span><span class=\"cmsmasters_post_category\">In <a href=\"https:\/\/cczimbrulsuceava.ro\/index.php\/category\/news\/\" class=\"cmsmasters_cat_color cmsmasters_cat_19\" rel=\"category tag\">News<\/a><\/span><\/div><footer class=\"cmsmasters_post_footer entry-meta\"><span class=\"cmsmasters_likes cmsmasters_post_likes\"><a href=\"#\" onclick=\"cmsmastersLike(9954); return false;\" id=\"cmsmastersLike-9954\" class=\"cmsmastersLike cmsmasters_theme_icon_like\"><span>0<\/span><\/a><\/span><span class=\"cmsmasters_comments cmsmasters_post_comments\"><a class=\"cmsmasters_theme_icon_comment\" href=\"https:\/\/cczimbrulsuceava.ro\/index.php\/2023\/12\/11\/program-special-de-functionare-decembrie-2023\/#respond\" title=\"Comment on Program special de func\u021bionare &#8211; decembrie 2023\"><span>0<\/span><\/a><\/span><\/footer>\t<\/div>\r\n<\/article>\r\n<!--_________________________ Finish Standard Article _________________________ -->\r\n\r\n\r\n<!--_________________________ Start Standard Article _________________________ -->\r\n\r\n<article id=\"post-9942\" class=\"cmsmasters_post_masonry post-9942 post type-post status-publish format-standard has-post-thumbnail hentry category-news tag-centrul-comercial-zimbrul-suceava tag-orar-paste-2023\" data-category=\"news\">\r\n\t<div class=\"cmsmasters_post_cont\">\r\n\t<div class=\"cmsmasters_date_img_wrap\"><figure class=\"cmsmasters_img_wrap\"><a href=\"https:\/\/cczimbrulsuceava.ro\/index.php\/2023\/03\/29\/orar-sarbatori-pascale-2023\/\" title=\"Orar S\u0103rb\u0103tori Pascale 2023\" class=\"cmsmasters_img_link preloader\"><img loading=\"lazy\" decoding=\"async\" width=\"580\" height=\"375\" src=\"https:\/\/cczimbrulsuceava.ro\/wp-content\/uploads\/2023\/03\/Program-Sarbatori-de-Paste-2022-Centrul-Comercial-Zimbrul-580x375.jpg\" class=\"full-width wp-post-image\" alt=\"Orar S\u0103rb\u0103tori Pascale 2023\" title=\"Orar S\u0103rb\u0103tori Pascale 2023\" srcset=\"https:\/\/cczimbrulsuceava.ro\/wp-content\/uploads\/2023\/03\/Program-Sarbatori-de-Paste-2022-Centrul-Comercial-Zimbrul-580x375.jpg 580w, https:\/\/cczimbrulsuceava.ro\/wp-content\/uploads\/2023\/03\/Program-Sarbatori-de-Paste-2022-Centrul-Comercial-Zimbrul-1160x750.jpg 1160w\" sizes=\"auto, (max-width: 580px) 100vw, 580px\" \/><\/a><\/figure><span class=\"cmsmasters_post_date\"><abbr class=\"published\" title=\"29 martie 2023\">29 martie 2023<\/abbr><abbr class=\"dn date updated\" title=\"3 mai 2024\">3 mai 2024<\/abbr><\/span><\/div><header class=\"cmsmasters_post_header entry-header\"><h3 class=\"cmsmasters_post_title entry-title\"><a href=\"https:\/\/cczimbrulsuceava.ro\/index.php\/2023\/03\/29\/orar-sarbatori-pascale-2023\/\">Orar S\u0103rb\u0103tori Pascale 2023<\/a><\/h3><\/header><div class=\"cmsmasters_post_cont_info entry-meta\"><span class=\"cmsmasters_post_author\">de <a href=\"https:\/\/cczimbrulsuceava.ro\/index.php\/author\/geko\/\" title=\"Posts by GEKO\" class=\"vcard author\"><span class=\"fn\" rel=\"author\">GEKO<\/span><\/a><\/span><span class=\"cmsmasters_post_category\">In <a href=\"https:\/\/cczimbrulsuceava.ro\/index.php\/category\/news\/\" class=\"cmsmasters_cat_color cmsmasters_cat_19\" rel=\"category tag\">News<\/a><\/span><\/div><div class=\"cmsmasters_post_content entry-content\">\n<p>Cu ocazia S\u0103rb\u0103torilor de Pa\u0219ti ce se apropie orarul se modific\u0103 temporar dup\u0103 progamul de mai sus. Administra\u021bia C.C.Z. ureaz\u0103...<\/p>\n<\/div>\n<footer class=\"cmsmasters_post_footer entry-meta\"><span class=\"cmsmasters_likes cmsmasters_post_likes\"><a href=\"#\" onclick=\"cmsmastersLike(9942); return false;\" id=\"cmsmastersLike-9942\" class=\"cmsmastersLike cmsmasters_theme_icon_like\"><span>0<\/span><\/a><\/span><span class=\"cmsmasters_comments cmsmasters_post_comments\"><a class=\"cmsmasters_theme_icon_comment\" href=\"https:\/\/cczimbrulsuceava.ro\/index.php\/2023\/03\/29\/orar-sarbatori-pascale-2023\/#respond\" title=\"Comment on Orar S\u0103rb\u0103tori Pascale 2023\"><span>0<\/span><\/a><\/span><\/footer>\t<\/div>\r\n<\/article>\r\n<!--_________________________ Finish Standard Article _________________________ -->\r\n\r\n\r\n<!--_________________________ Start Standard Article _________________________ -->\r\n\r\n<article id=\"post-9932\" class=\"cmsmasters_post_masonry post-9932 post type-post status-publish format-standard has-post-thumbnail hentry category-news tag-centrul-comercial-zimbrul-suceava tag-orar-functionare\" data-category=\"news\">\r\n\t<div class=\"cmsmasters_post_cont\">\r\n\t<div class=\"cmsmasters_date_img_wrap\"><figure class=\"cmsmasters_img_wrap\"><a href=\"https:\/\/cczimbrulsuceava.ro\/index.php\/2023\/03\/29\/orar-nou-de-functionare-dupa-1-aprilie-2023\/\" title=\"Orar nou de func\u021bionare dup\u0103 1 aprilie 2023\" class=\"cmsmasters_img_link preloader\"><img loading=\"lazy\" decoding=\"async\" width=\"580\" height=\"375\" src=\"https:\/\/cczimbrulsuceava.ro\/wp-content\/uploads\/2023\/03\/Orar-functionare-nou-Zimbru-2023-580x375.jpg\" class=\"full-width wp-post-image\" alt=\"Orar nou de func\u021bionare dup\u0103 1 aprilie 2023\" title=\"Orar nou de func\u021bionare dup\u0103 1 aprilie 2023\" srcset=\"https:\/\/cczimbrulsuceava.ro\/wp-content\/uploads\/2023\/03\/Orar-functionare-nou-Zimbru-2023-580x375.jpg 580w, https:\/\/cczimbrulsuceava.ro\/wp-content\/uploads\/2023\/03\/Orar-functionare-nou-Zimbru-2023-1160x750.jpg 1160w\" sizes=\"auto, (max-width: 580px) 100vw, 580px\" \/><\/a><\/figure><span class=\"cmsmasters_post_date\"><abbr class=\"published\" title=\"29 martie 2023\">29 martie 2023<\/abbr><abbr class=\"dn date updated\" title=\"29 aprilie 2024\">29 aprilie 2024<\/abbr><\/span><\/div><header class=\"cmsmasters_post_header entry-header\"><h3 class=\"cmsmasters_post_title entry-title\"><a href=\"https:\/\/cczimbrulsuceava.ro\/index.php\/2023\/03\/29\/orar-nou-de-functionare-dupa-1-aprilie-2023\/\">Orar nou de func\u021bionare dup\u0103 1 aprilie 2023<\/a><\/h3><\/header><div class=\"cmsmasters_post_cont_info entry-meta\"><span class=\"cmsmasters_post_author\">de <a href=\"https:\/\/cczimbrulsuceava.ro\/index.php\/author\/geko\/\" title=\"Posts by GEKO\" class=\"vcard author\"><span class=\"fn\" rel=\"author\">GEKO<\/span><\/a><\/span><span class=\"cmsmasters_post_category\">In <a href=\"https:\/\/cczimbrulsuceava.ro\/index.php\/category\/news\/\" class=\"cmsmasters_cat_color cmsmasters_cat_19\" rel=\"category tag\">News<\/a><\/span><\/div><div class=\"cmsmasters_post_content entry-content\">\n<p>Administra\u021bia Centrului Comercial &#8222;Zimbru&#8221; Suceava anun\u021b\u0103 modific\u0103ri \u00een ceea ce prive\u0219te orarul de func\u021bionare al complexului. Acestea vor avea loc...<\/p>\n<\/div>\n<footer class=\"cmsmasters_post_footer entry-meta\"><span class=\"cmsmasters_likes cmsmasters_post_likes\"><a href=\"#\" onclick=\"cmsmastersLike(9932); return false;\" id=\"cmsmastersLike-9932\" class=\"cmsmastersLike cmsmasters_theme_icon_like\"><span>2<\/span><\/a><\/span><span class=\"cmsmasters_comments cmsmasters_post_comments\"><a class=\"cmsmasters_theme_icon_comment\" href=\"https:\/\/cczimbrulsuceava.ro\/index.php\/2023\/03\/29\/orar-nou-de-functionare-dupa-1-aprilie-2023\/#respond\" title=\"Comment on Orar nou de func\u021bionare dup\u0103 1 aprilie 2023\"><span>0<\/span><\/a><\/span><\/footer>\t<\/div>\r\n<\/article>\r\n<!--_________________________ Finish Standard Article _________________________ -->\r\n\r\n\r\n<!--_________________________ Start Standard Article _________________________ -->\r\n\r\n<article id=\"post-9908\" class=\"cmsmasters_post_masonry post-9908 post type-post status-publish format-standard has-post-thumbnail hentry category-news tag-centrul-comercial-zimbrul-suceava tag-transport-public-local-suceava\" data-category=\"news\">\r\n\t<div class=\"cmsmasters_post_cont\">\r\n\t<div class=\"cmsmasters_date_img_wrap\"><figure class=\"cmsmasters_img_wrap\"><a href=\"https:\/\/cczimbrulsuceava.ro\/index.php\/2023\/01\/03\/cum-sa-ajungi-la-noi-cu-un-autobuz-local\/\" title=\"Cum s\u0103 ajungi la noi cu un autobuz local?\" class=\"cmsmasters_img_link preloader\"><img loading=\"lazy\" decoding=\"async\" width=\"580\" height=\"375\" src=\"https:\/\/cczimbrulsuceava.ro\/wp-content\/uploads\/2023\/01\/Moovit_Logo-primary-580x375.png\" class=\"full-width wp-post-image\" alt=\"Cum s\u0103 ajungi la noi cu un autobuz local?\" title=\"Cum s\u0103 ajungi la noi cu un autobuz local?\" \/><\/a><\/figure><span class=\"cmsmasters_post_date\"><abbr class=\"published\" title=\"3 ianuarie 2023\">3 ianuarie 2023<\/abbr><abbr class=\"dn date updated\" title=\"29 aprilie 2024\">29 aprilie 2024<\/abbr><\/span><\/div><header class=\"cmsmasters_post_header entry-header\"><h3 class=\"cmsmasters_post_title entry-title\"><a href=\"https:\/\/cczimbrulsuceava.ro\/index.php\/2023\/01\/03\/cum-sa-ajungi-la-noi-cu-un-autobuz-local\/\">Cum s\u0103 ajungi la noi cu un autobuz local?<\/a><\/h3><\/header><div class=\"cmsmasters_post_cont_info entry-meta\"><span class=\"cmsmasters_post_author\">de <a href=\"https:\/\/cczimbrulsuceava.ro\/index.php\/author\/geko\/\" title=\"Posts by GEKO\" class=\"vcard author\"><span class=\"fn\" rel=\"author\">GEKO<\/span><\/a><\/span><span class=\"cmsmasters_post_category\">In <a href=\"https:\/\/cczimbrulsuceava.ro\/index.php\/category\/news\/\" class=\"cmsmasters_cat_color cmsmasters_cat_19\" rel=\"category tag\">News<\/a><\/span><\/div><div class=\"cmsmasters_post_content entry-content\">\n<p>Dorim s\u0103 fim c\u00e2t mai aproape de clien\u021bii no\u0219tri. De aceea, ne-am indexat \u00een aplica\u021bia Moovit pentru a ajunge mai...<\/p>\n<\/div>\n<footer class=\"cmsmasters_post_footer entry-meta\"><span class=\"cmsmasters_likes cmsmasters_post_likes\"><a href=\"#\" onclick=\"cmsmastersLike(9908); return false;\" id=\"cmsmastersLike-9908\" class=\"cmsmastersLike cmsmasters_theme_icon_like\"><span>1<\/span><\/a><\/span><span class=\"cmsmasters_comments cmsmasters_post_comments\"><a class=\"cmsmasters_theme_icon_comment\" href=\"https:\/\/cczimbrulsuceava.ro\/index.php\/2023\/01\/03\/cum-sa-ajungi-la-noi-cu-un-autobuz-local\/#respond\" title=\"Comment on Cum s\u0103 ajungi la noi cu un autobuz local?\"><span>0<\/span><\/a><\/span><\/footer>\t<\/div>\r\n<\/article>\r\n<!--_________________________ Finish Standard Article _________________________ -->\r\n\r\n<\/div><div class=\"cmsmasters_wrap_more_posts cmsmasters_wrap_more_items\"><\/div><\/div>\n<\/div>\n<\/div>\n<\/div>\n<\/div>\n<\/div>\n<\/div>\n\n","protected":false},"excerpt":{"rendered":"","protected":false},"author":1,"featured_media":0,"parent":0,"menu_order":0,"comment_status":"closed","ping_status":"closed","template":"","meta":{"footnotes":""},"class_list":["post-526","page","type-page","status-publish","hentry"],"_links":{"self":[{"href":"https:\/\/cczimbrulsuceava.ro\/index.php\/wp-json\/wp\/v2\/pages\/526","targetHints":{"allow":["GET"]}}],"collection":[{"href":"https:\/\/cczimbrulsuceava.ro\/index.php\/wp-json\/wp\/v2\/pages"}],"about":[{"href":"https:\/\/cczimbrulsuceava.ro\/index.php\/wp-json\/wp\/v2\/types\/page"}],"author":[{"embeddable":true,"href":"https:\/\/cczimbrulsuceava.ro\/index.php\/wp-json\/wp\/v2\/users\/1"}],"replies":[{"embeddable":true,"href":"https:\/\/cczimbrulsuceava.ro\/index.php\/wp-json\/wp\/v2\/comments?post=526"}],"version-history":[{"count":3,"href":"https:\/\/cczimbrulsuceava.ro\/index.php\/wp-json\/wp\/v2\/pages\/526\/revisions"}],"predecessor-version":[{"id":9910,"href":"https:\/\/cczimbrulsuceava.ro\/index.php\/wp-json\/wp\/v2\/pages\/526\/revisions\/9910"}],"wp:attachment":[{"href":"https:\/\/cczimbrulsuceava.ro\/index.php\/wp-json\/wp\/v2\/media?parent=526"}],"curies":[{"name":"wp","href":"https:\/\/api.w.org\/{rel}","templated":true}]}}