{"id":529,"date":"2015-04-20T11:50:56","date_gmt":"2015-04-20T11:50:56","guid":{"rendered":"http:\/\/welfare.cmsmasters.net\/?page_id=529"},"modified":"2024-09-30T12:39:40","modified_gmt":"2024-09-30T12:39:40","slug":"cum-dai-de-noi","status":"publish","type":"page","link":"https:\/\/cczimbrulsuceava.ro\/index.php\/cum-dai-de-noi\/","title":{"rendered":"Cum ne po\u021bi contacta?"},"content":{"rendered":"<style type=\"text\/css\"> \n#cmsmasters_row_6a046477c6c24 { \n\tbackground-color:#f4f4f4;\n} \n\n#cmsmasters_row_6a046477c6c24 .cmsmasters_row_outer_parent { \n\tpadding-top: 0px; \n} \n\n#cmsmasters_row_6a046477c6c24 .cmsmasters_row_outer_parent { \n\tpadding-bottom: 0px; \n} \n\n#cmsmasters_row_6a046477c6c24 .cmsmasters_row_inner.cmsmasters_row_fullwidth { \n\tpadding-left:0%; \n} \n#cmsmasters_row_6a046477c6c24 .cmsmasters_row_inner.cmsmasters_row_fullwidth { \n\tpadding-right:0%; \n} \n\n#google_map_6a046477c6def{\n\theight: 300px;\n}\n \n#cmsmasters_row_6a046477c6e13 .cmsmasters_row_outer_parent { \n\tpadding-top: 40px; \n} \n\n#cmsmasters_row_6a046477c6e13 .cmsmasters_row_outer_parent { \n\tpadding-bottom: 50px; \n} \n\n \n\n#cmsmasters_fb_6a046477c6ebd { \n\tpadding-top:0px; \n\tpadding-bottom:0px; \n\t-webkit-border-radius:5px; \n\tborder-radius:5px; \n\tbackground-color:#ec008c;\n} \n\n#cmsmasters_fb_6a046477c6ebd .featured_block_inner { \n\twidth: 100%; \n\tpadding: ; \n\ttext-align: left; \n\tmargin:0 auto; \n} \n\n#cmsmasters_fb_6a046477c6ebd .featured_block_text { \n\ttext-align: left; \n} \n\n \n#cmsmasters_icon_6a046477c6f1e { \n\tdisplay:block; \n\ttext-align:center; } \n\n#cmsmasters_icon_6a046477c6f1e .cmsmasters_simple_icon { \n\tborder-width:0px; \n\twidth:60px; \n\theight:60px; \n\tfont-size:35px; \n\tline-height:60px; \n\ttext-align:center; \n\t-webkit-border-radius:50%; \n\tborder-radius:50%; \n\tcolor:#ffffff;} \n \n#cmsmasters_heading_6a046477c6f3a { \n\ttext-align:center; \n\tmargin-top:7px; \n\tmargin-bottom:30px; \n} \n\n#cmsmasters_heading_6a046477c6f3a .cmsmasters_heading { \n\ttext-align:center; \n} \n\n#cmsmasters_heading_6a046477c6f3a .cmsmasters_heading, #cmsmasters_heading_6a046477c6f3a .cmsmasters_heading a { \n\tfont-weight:600; \n\tfont-style:normal; \n\tcolor:#ffffff;\n} \n\n#cmsmasters_heading_6a046477c6f3a .cmsmasters_heading_divider { \n} \n\n \n\n#cmsmasters_fb_6a046477c6f99 { \n\tpadding-top:0px; \n\tpadding-bottom:0px; \n\t-webkit-border-radius:5px; \n\tborder-radius:5px; \n\tbackground-color:#fa5511;\n} \n\n#cmsmasters_fb_6a046477c6f99 .featured_block_inner { \n\twidth: 100%; \n\tpadding: ; \n\ttext-align: left; \n\tmargin:0 auto; \n} \n\n#cmsmasters_fb_6a046477c6f99 .featured_block_text { \n\ttext-align: left; \n} \n\n \n#cmsmasters_icon_6a046477c6fc9 { \n\tdisplay:block; \n\ttext-align:center; } \n\n#cmsmasters_icon_6a046477c6fc9 .cmsmasters_simple_icon { \n\tborder-width:0px; \n\twidth:60px; \n\theight:60px; \n\tfont-size:35px; \n\tline-height:60px; \n\ttext-align:center; \n\t-webkit-border-radius:50%; \n\tborder-radius:50%; \n\tcolor:#ffffff;} \n \n#cmsmasters_heading_6a046477c6fe0 { \n\ttext-align:center; \n\tmargin-top:7px; \n\tmargin-bottom:30px; \n} \n\n#cmsmasters_heading_6a046477c6fe0 .cmsmasters_heading { \n\ttext-align:center; \n} \n\n#cmsmasters_heading_6a046477c6fe0 .cmsmasters_heading, #cmsmasters_heading_6a046477c6fe0 .cmsmasters_heading a { \n\tfont-weight:600; \n\tfont-style:normal; \n\tcolor:#ffffff;\n} \n\n#cmsmasters_heading_6a046477c6fe0 .cmsmasters_heading_divider { \n} \n\n \n\n#cmsmasters_fb_6a046477c7001 { \n\tpadding-top:0px; \n\tpadding-bottom:0px; \n\t-webkit-border-radius:5px; \n\tborder-radius:5px; \n\tbackground-color:#92278f;\n} \n\n#cmsmasters_fb_6a046477c7001 .featured_block_inner { \n\twidth: 100%; \n\tpadding: ; \n\ttext-align: left; \n\tmargin:0 auto; \n} \n\n#cmsmasters_fb_6a046477c7001 .featured_block_text { \n\ttext-align: left; \n} \n\n \n#cmsmasters_icon_6a046477c7034 { \n\tdisplay:block; \n\ttext-align:center; } \n\n#cmsmasters_icon_6a046477c7034 .cmsmasters_simple_icon { \n\tborder-width:0px; \n\twidth:60px; \n\theight:60px; \n\tfont-size:35px; \n\tline-height:60px; \n\ttext-align:center; \n\t-webkit-border-radius:50%; \n\tborder-radius:50%; \n\tcolor:#ffffff;} \n \n#cmsmasters_heading_6a046477c7048 { \n\ttext-align:center; \n\tmargin-top:7px; \n\tmargin-bottom:30px; \n} \n\n#cmsmasters_heading_6a046477c7048 .cmsmasters_heading { \n\ttext-align:center; \n} \n\n#cmsmasters_heading_6a046477c7048 .cmsmasters_heading, #cmsmasters_heading_6a046477c7048 .cmsmasters_heading a { \n\tfont-weight:600; \n\tfont-style:normal; \n\tcolor:#ffffff;\n} \n\n#cmsmasters_heading_6a046477c7048 .cmsmasters_heading_divider { \n} \n\n \n#cmsmasters_row_6a046477c7081 .cmsmasters_row_outer_parent { \n\tpadding-top: 0px; \n} \n\n#cmsmasters_row_6a046477c7081 .cmsmasters_row_outer_parent { \n\tpadding-bottom: 50px; \n} \n\n<\/style><div id=\"cmsmasters_row_6a046477c6c24\" class=\"cmsmasters_row cmsmasters_color_scheme_default cmsmasters_row_top_default cmsmasters_row_bot_default cmsmasters_row_fullwidth\">\n<div class=\"cmsmasters_row_outer_parent\">\n<div class=\"cmsmasters_row_outer\">\n<div class=\"cmsmasters_row_inner cmsmasters_row_fullwidth\">\n<div class=\"cmsmasters_row_margin\">\n<div class=\"cmsmasters_column one_first\">\n\n<script type=\"text\/javascript\">jQuery(document).ready(function () { jQuery(\"#google_map_6a046477c6def\").gMap( { address: \"Centrul Comercial Zimbrul Suceava\", maptype: \"TERRAIN\", zoom: 14, scrollwheel: true, doubleClickZoom: true, controls: {panControl: true, zoomControl: true, mapTypeControl: true, scaleControl: true, streetViewControl: true, overviewMapControl: true, },markers: [{address: \"Centrul Comercial Zimbrul Suceava\",html: \"Centrul Comercial Zimbrul Suceava\",popup: true},] } ); } );<\/script>\n<div id=\"google_map_6a046477c6def\" class=\"google_map\"><\/div>\n<\/div>\n<\/div>\n<\/div>\n<\/div>\n<\/div>\n<\/div>\n<div id=\"cmsmasters_row_6a046477c6e13\" class=\"cmsmasters_row cmsmasters_color_scheme_default cmsmasters_row_top_default cmsmasters_row_bot_default cmsmasters_row_boxed\">\n<div class=\"cmsmasters_row_outer_parent\">\n<div class=\"cmsmasters_row_outer\">\n<div class=\"cmsmasters_row_inner\">\n<div class=\"cmsmasters_row_margin\">\n<div class=\"cmsmasters_column one_fourth\">\n<div id=\"cmsmasters_fb_6a046477c6ebd\" class=\"cmsmasters_featured_block\">\n<div class=\"featured_block_inner\">\n<div class=\"featured_block_text\">\n<div id=\"cmsmasters_icon_6a046477c6f1e\" class=\"cmsmasters_icon_wrap\"><span class=\"cmsmasters_simple_icon cmsmasters-icon-location-3\"><\/span><\/div>\n\n<div id=\"cmsmasters_heading_6a046477c6f3a\" class=\"cmsmasters_heading_wrap cmsmasters_heading_align_center\">\n\t<h3 class=\"cmsmasters_heading\">Str. Universit\u0103\u021bii, nr. 19, SV, 727045, RO<\/h3>\n<\/div>\n<\/div>\n<\/div>\n<\/div>\n<\/div>\n<div class=\"cmsmasters_column three_fourth\">\n<div id=\"cmsmasters_fb_6a046477c6f99\" class=\"cmsmasters_featured_block\">\n<div class=\"featured_block_inner\">\n<div class=\"featured_block_text\">\n<div id=\"cmsmasters_icon_6a046477c6fc9\" class=\"cmsmasters_icon_wrap\"><span class=\"cmsmasters_simple_icon cmsmasters-icon-time\"><\/span><\/div>\n\n<div id=\"cmsmasters_heading_6a046477c6fe0\" class=\"cmsmasters_heading_wrap cmsmasters_heading_align_center\">\n\t<h3 class=\"cmsmasters_heading\">Luni-Vineri: 09:00-19:00 S\u00e2mb\u0103t\u0103: 09:00-18:00 Duminic\u0103: 10:00 &#8211; 15:00<\/h3>\n<\/div>\n<\/div>\n<\/div>\n<\/div>\n<div id=\"cmsmasters_fb_6a046477c7001\" class=\"cmsmasters_featured_block\">\n<div class=\"featured_block_inner\">\n<div class=\"featured_block_text\">\n\n<div id=\"cmsmasters_icon_6a046477c7034\" class=\"cmsmasters_icon_wrap\"><span class=\"cmsmasters_simple_icon cmsmasters-icon-mail-3\"><\/span><\/div>\n\n<div id=\"cmsmasters_heading_6a046477c7048\" class=\"cmsmasters_heading_wrap cmsmasters_heading_align_center\">\n\t<h3 class=\"cmsmasters_heading\">serviciicomerciale<\/p>\n<p>@yahoo.com<\/h3>\n<\/div>\n<\/div>\n<\/div>\n<\/div>\n<\/div>\n<\/div>\n<\/div>\n<\/div>\n<\/div>\n<\/div>\n<div id=\"cmsmasters_row_6a046477c7081\" class=\"cmsmasters_row cmsmasters_color_scheme_default cmsmasters_row_top_default cmsmasters_row_bot_default cmsmasters_row_boxed\">\n<div class=\"cmsmasters_row_outer_parent\">\n<div class=\"cmsmasters_row_outer\">\n<div class=\"cmsmasters_row_inner\">\n<div class=\"cmsmasters_row_margin\">\n<div class=\"cmsmasters_column one_half\">\n<div class=\"cmsmasters_contact_form\"><div class=\"cmsmasters-form-builder\">\n<div class=\"cmsmasters_notice cmsmasters_notice_success cmsmasters_theme_icon_check success_box\" style=\"display:none;\">\n<div class=\"notice_icon\"><\/div>\n<div class=\"notice_content\">\n<p>Mul\u021bumim! <br \/>Mesajul t\u0103u a fost trimis cu succes!<\/p>\n<\/div>\n<\/div>\n<script type=\"text\/javascript\"> \njQuery(document).ready(function () { \n\tjQuery('#form_704').validationEngine('attach', { \n\t\tpromptPosition : 'topRight', \n\t\tscroll : false, \n\t\tautoPositionUpdate : true, \n\t\tshowArrow : false \n\t\t} ); \n\tvar captchaWidget, \r\n\t\t\t\t\t\tvalidateCaptcha = function() { \r\n\t\t\t\t\t\t\tcaptchaWidget = grecaptcha.render('form_704_builder_captcha', { \r\n\t\t\t\t\t\t\t\t'sitekey' : \t'6LdJ_yMUAAAAAMap9WySVi6rpYIf2l7QVPG8AHkv', \r\n\t\t\t\t\t\t\t\t'callback' : \tverifyCallback \r\n\t\t\t\t\t\t\t} );\r\n\t\t\t\t\t\t}; \r\n\t\t\t\t\t\tjQuery('#form_704 a#cmsmasters_704_formsend').click(function () { \n\t\tjQuery('#form_704 .loading').animate( { opacity : 1 } , 250); \n\t\tif (jQuery('#form_704').validationEngine('validate')) { \n\t\t\tif (phpValidateCaptcha(grecaptcha.getResponse(captchaWidget)) !== 'success') { \n\t\t\t\tjQuery('#form_704_builder_captcha').css( { border : '2px solid #ff0000' } ); \n\t\t\t\tjQuery('#form_704 .loading').animate( { opacity : 0 } , 250); \n\t\t\t\tgrecaptcha.reset(captchaWidget); \n\t\t\t\treturn false; \r\t\t\t} else { \n\t\t\t\tjQuery('#form_704_builder_captcha').removeAttr('style'); \r\t\t\t} \n\t\t\tjQuery.post('https:\/\/cczimbrulsuceava.ro\/wp-content\/plugins\/cmsmasters-contact-form-builder\/inc\/form-builder-sendmail.php', { \n\t\t\t\tcmsmasters_nume : jQuery('#cmsmasters_nume').val(), \n\t\t\t\tcmsmasters_email_2 : jQuery('#cmsmasters_email_2').val(), \n\t\t\t\tcmsmasters_website : jQuery('#cmsmasters_website').val(), \n\t\t\t\tcmsmasters_subiect : jQuery('#cmsmasters_subiect').val(), \n\t\t\t\tcmsmasters_mesaj : jQuery('#cmsmasters_mesaj').val(), \n\t\t\t\tcontactemail : 'NzA0fHNlcnZpY2lpY29tZXJjaWFsZUB5YWhvby5jb218NzA0', \n\t\t\t\tformname : '704' \r\t\t\t}, function (data) { \n\t\t\t\tjQuery('#form_704 .loading').animate( { opacity : 0 } , 250); \n\t\t\t\tjQuery('#form_704').fadeOut('slow'); \n\t\t\t\tdocument.getElementById('form_704').reset(); \n\t\t\t\tjQuery('#form_704').parent().find('.box').hide(); \n\t\t\t\tjQuery('#form_704').parent().find('.success_box').fadeIn('fast'); \n\t\t\t\tjQuery('html, body').animate( { scrollTop : jQuery('#form_704').offset().top - 140 } , 'slow'); \n\t\t\t\tjQuery('#form_704').parent().find('.success_box').delay(5000).fadeOut(1000, function () { \n\t\t\t\t\tjQuery('#form_704').fadeIn('slow'); \r\t\t\t\t} ); \r\t\t\tgrecaptcha.reset(captchaWidget);\r\t\t\t} ); \n\t\t\treturn false; \r\t\t} else { \n\t\t\tjQuery('#form_704 .loading').animate( { opacity : 0 } , 250); \n\t\t\treturn false; \r\t\t} \r\t} ); \r} ); \nfunction phpValidateCaptcha(captchaServerKey) { var cmsmasters_704_captcha_html = jQuery.ajax( { \n\t\t\ttype : 'post', \n\t\t\turl : 'https:\/\/cczimbrulsuceava.ro\/wp-content\/plugins\/cmsmasters-contact-form-builder\/inc\/validate-captcha.php', \n\t\t\tdata : 'g-recaptcha-response=' + captchaServerKey, \n\t\t\tasync : false \r\t\t} ).responseText; \r\treturn cmsmasters_704_captcha_html; \r} \n<\/script>\n<form action=\"#\" method=\"post\" id=\"form_704\">\n\n<div class=\"form_info cmsmasters_input one_half\">\n\t<label for=\"cmsmasters_nume\">Nume <span class=\"color_2\">*<\/span><\/label>\n\t<div class=\"form_field_wrap\">\n\t\t<input type=\"text\" name=\"cmsmasters_nume\" id=\"cmsmasters_nume\" value=\"\" size=\"35\" class=\"validate[required]\" \/>\r\t<\/div>\n<\/div>\n<div class=\"form_info cmsmasters_input one_half\">\n\t<label for=\"cmsmasters_email_2\">Email <span class=\"color_2\">*<\/span><\/label>\n\t<div class=\"form_field_wrap\">\n\t\t<input type=\"text\" name=\"cmsmasters_email_2\" id=\"cmsmasters_email_2\" value=\"\" size=\"35\" class=\"validate[required]\" \/>\r\t<\/div>\n<\/div>\n<div class=\"form_info cmsmasters_input one_half\">\n\t<label for=\"cmsmasters_website\">Website<\/label>\n\t<div class=\"form_field_wrap\">\n\t\t<input type=\"text\" name=\"cmsmasters_website\" id=\"cmsmasters_website\" value=\"\" size=\"35\" \/>\r\t<\/div>\n<\/div>\n<div class=\"form_info cmsmasters_input one_half\">\n\t<label for=\"cmsmasters_subiect\">Subiect<\/label>\n\t<div class=\"form_field_wrap\">\n\t\t<input type=\"text\" name=\"cmsmasters_subiect\" id=\"cmsmasters_subiect\" value=\"\" size=\"35\" \/>\r\t<\/div>\n<\/div>\n<div class=\"form_info cmsmasters_textarea one_first\">\n\t<label for=\"cmsmasters_mesaj\">Mesaj<\/label>\n\t<div class=\"form_field_wrap\">\n\t\t<textarea name=\"cmsmasters_mesaj\" id=\"cmsmasters_mesaj\" cols=\"60\" rows=\"10\"><\/textarea>\r\t<\/div>\n<\/div>\n<div class=\"cl\"><\/div>\n<div id=\"form_704_builder_captcha\" class=\"form_info cmsmasters-form-builder-captcha g-recaptcha\" data-sitekey=\"6LdJ_yMUAAAAAMap9WySVi6rpYIf2l7QVPG8AHkv\"><\/div>\n<div class=\"cl\"><\/div>\n<div class=\"loading\"><\/div>\n<div class=\"form_info submit_wrap\">\n<a id=\"cmsmasters_704_formsend\" class=\"cmsmasters_button\" href=\"#\"><span>Trimite mesaj<\/span><\/a>\n<a style=\"margin:0 0 0 10px;\" id=\"cmsmasters_704_formclear\" class=\"cmsmasters_button\" href=\"#\" onclick=\"if (confirm('Do you really want to reset the form?')) document.getElementById('form_704').reset(); return false;\"><span>Reset<\/span><\/a>\n<\/div>\n<div class=\"cl\"><\/div>\n<\/form>\n<\/div><\/div>\n<\/div>\n<div class=\"cmsmasters_column one_half\">\n<div class=\"cmsmasters_contact_form\"><div class=\"cmsmasters-form-builder\">\n<div class=\"cmsmasters_notice cmsmasters_notice_success cmsmasters_theme_icon_check success_box\" style=\"display:none;\">\n<div class=\"notice_icon\"><\/div>\n<div class=\"notice_content\">\n<p>Mul\u021bumim! <br \/>Mesajul t\u0103u a fost trimis cu succes!<\/p>\n<\/div>\n<\/div>\n<script type=\"text\/javascript\"> \njQuery(document).ready(function () { \n\tjQuery('#form_710').validationEngine('attach', { \n\t\tpromptPosition : 'topRight', \n\t\tscroll : false, \n\t\tautoPositionUpdate : true, \n\t\tshowArrow : false \n\t\t} ); \n\tvar captchaWidget, \r\n\t\t\t\t\t\tvalidateCaptcha = function() { \r\n\t\t\t\t\t\t\tcaptchaWidget = grecaptcha.render('form_710_builder_captcha', { \r\n\t\t\t\t\t\t\t\t'sitekey' : \t'6LdJ_yMUAAAAAMap9WySVi6rpYIf2l7QVPG8AHkv', \r\n\t\t\t\t\t\t\t\t'callback' : \tverifyCallback \r\n\t\t\t\t\t\t\t} );\r\n\t\t\t\t\t\t}; \r\n\t\t\t\t\t\tjQuery('#form_710 a#cmsmasters_710_formsend').click(function () { \n\t\tjQuery('#form_710 .loading').animate( { opacity : 1 } , 250); \n\t\tvar var_care_sunt_motivele_care_te_det = ''; \n\t\tjQuery('input[name=\\'cmsmasters_care_sunt_motivele_care_te_det\\']:checked').each(function () { \n\t\t\tvar_care_sunt_motivele_care_te_det += jQuery(this).val() + ', '; \r\t\t} ); \n\t\tif (var_care_sunt_motivele_care_te_det !== '') { \n\t\t\tvar_care_sunt_motivele_care_te_det = var_care_sunt_motivele_care_te_det.slice(0, -2); \r\t\t} \n\t\tif (jQuery('#form_710').validationEngine('validate')) { \n\t\t\tif (phpValidateCaptcha(grecaptcha.getResponse(captchaWidget)) !== 'success') { \n\t\t\t\tjQuery('#form_710_builder_captcha').css( { border : '2px solid #ff0000' } ); \n\t\t\t\tjQuery('#form_710 .loading').animate( { opacity : 0 } , 250); \n\t\t\t\tgrecaptcha.reset(captchaWidget); \n\t\t\t\treturn false; \r\t\t\t} else { \n\t\t\t\tjQuery('#form_710_builder_captcha').removeAttr('style'); \r\t\t\t} \n\t\t\tjQuery.post('https:\/\/cczimbrulsuceava.ro\/wp-content\/plugins\/cmsmasters-contact-form-builder\/inc\/form-builder-sendmail.php', { \n\t\t\t\tcmsmasters_numele_tu : jQuery('#cmsmasters_numele_tu').val(), \n\t\t\t\tcmsmasters_email_ul_tu : jQuery('#cmsmasters_email_ul_tu').val(), \n\t\t\t\tcmsmasters_mobil : jQuery('#cmsmasters_mobil').val(), \n\t\t\t\tcmsmasters_grupa_de_vrst : jQuery('input[name=\\'cmsmasters_grupa_de_vrst\\']:checked').val(), \n\t\t\t\tcmsmasters_gen : jQuery('#cmsmasters_gen').val(), \n\t\t\t\tcmsmasters_care_sunt_motivele_care_te_det : var_care_sunt_motivele_care_te_det, \n\t\t\t\tcontactemail : 'NzEwfHNlcnZpY2lpY29tZXJjaWFsZUB5YWhvby5jb218NzEw', \n\t\t\t\tformname : '710' \r\t\t\t}, function (data) { \n\t\t\t\tjQuery('#form_710 .loading').animate( { opacity : 0 } , 250); \n\t\t\t\tjQuery('#form_710').fadeOut('slow'); \n\t\t\t\tdocument.getElementById('form_710').reset(); \n\t\t\t\tjQuery('#form_710').parent().find('.box').hide(); \n\t\t\t\tjQuery('#form_710').parent().find('.success_box').fadeIn('fast'); \n\t\t\t\tjQuery('html, body').animate( { scrollTop : jQuery('#form_710').offset().top - 140 } , 'slow'); \n\t\t\t\tjQuery('#form_710').parent().find('.success_box').delay(5000).fadeOut(1000, function () { \n\t\t\t\t\tjQuery('#form_710').fadeIn('slow'); \r\t\t\t\t} ); \r\t\t\tgrecaptcha.reset(captchaWidget);\r\t\t\t} ); \n\t\t\treturn false; \r\t\t} else { \n\t\t\tjQuery('#form_710 .loading').animate( { opacity : 0 } , 250); \n\t\t\treturn false; \r\t\t} \r\t} ); \r} ); \nfunction phpValidateCaptcha(captchaServerKey) { var cmsmasters_710_captcha_html = jQuery.ajax( { \n\t\t\ttype : 'post', \n\t\t\turl : 'https:\/\/cczimbrulsuceava.ro\/wp-content\/plugins\/cmsmasters-contact-form-builder\/inc\/validate-captcha.php', \n\t\t\tdata : 'g-recaptcha-response=' + captchaServerKey, \n\t\t\tasync : false \r\t\t} ).responseText; \r\treturn cmsmasters_710_captcha_html; \r} \n<\/script>\n<form action=\"#\" method=\"post\" id=\"form_710\">\n\n<div class=\"form_info cmsmasters_input\">\n\t<label for=\"cmsmasters_numele_tu\">Numele t\u0103u <span class=\"color_2\">*<\/span><\/label>\n\t<div class=\"form_field_wrap\">\n\t\t<input type=\"text\" name=\"cmsmasters_numele_tu\" id=\"cmsmasters_numele_tu\" value=\"\" size=\"35\" class=\"validate[required]\" \/>\r\t<\/div>\n<\/div>\n<div class=\"form_info cmsmasters_input\">\n\t<label for=\"cmsmasters_email_ul_tu\">Email-ul t\u0103u <span class=\"color_2\">*<\/span><\/label>\n\t<div class=\"form_field_wrap\">\n\t\t<input type=\"text\" name=\"cmsmasters_email_ul_tu\" id=\"cmsmasters_email_ul_tu\" value=\"\" size=\"35\" class=\"validate[required]\" \/>\r\t<\/div>\n<\/div>\n<div class=\"form_info cmsmasters_input\">\n\t<label for=\"cmsmasters_mobil\">Mobil<\/label>\n\t<div class=\"form_field_wrap\">\n\t\t<input type=\"text\" name=\"cmsmasters_mobil\" id=\"cmsmasters_mobil\" value=\"\" size=\"35\" \/>\r\t<\/div>\n<\/div>\n<div class=\"form_info cmsmasters_radio\">\n\t<label>Grupa de v\u00e2rst\u0103<\/label>\n\t<div class=\"check_parent\">\n\t\t<input type=\"radio\" name=\"cmsmasters_grupa_de_vrst\" id=\"cmsmasters_grupa_de_vrst1\" value=\"Sub 21\" checked=\"checked\" \/>\n\t\t<label for=\"cmsmasters_grupa_de_vrst1\">Sub 21<\/label>\r\t<\/div>\n\t<div class=\"cl\"><\/div>\n\t<div class=\"check_parent\">\n\t\t<input type=\"radio\" name=\"cmsmasters_grupa_de_vrst\" id=\"cmsmasters_grupa_de_vrst2\" value=\"21-35\" \/>\n\t\t<label for=\"cmsmasters_grupa_de_vrst2\">21-35<\/label>\r\t<\/div>\n\t<div class=\"cl\"><\/div>\n\t<div class=\"check_parent\">\n\t\t<input type=\"radio\" name=\"cmsmasters_grupa_de_vrst\" id=\"cmsmasters_grupa_de_vrst3\" value=\"35-55\" \/>\n\t\t<label for=\"cmsmasters_grupa_de_vrst3\">35-55<\/label>\r\t<\/div>\n\t<div class=\"cl\"><\/div>\n\t<div class=\"check_parent\">\n\t\t<input type=\"radio\" name=\"cmsmasters_grupa_de_vrst\" id=\"cmsmasters_grupa_de_vrst4\" value=\"Peste 55\" \/>\n\t\t<label for=\"cmsmasters_grupa_de_vrst4\">Peste 55<\/label>\r\t<\/div>\n\t<div class=\"cl\"><\/div>\n<\/div>\n<div class=\"form_info cmsmasters_select\">\n\t<label>Gen<\/label>\n\t<div class=\"form_field_wrap\">\n\t\t<select name=\"cmsmasters_gen\" id=\"cmsmasters_gen\">\n\t\t\t<option value=\"Masculin\">Masculin<\/option>\n\t\t\t<option value=\"Feminin\">Feminin<\/option>\n\t\t<\/select>\r\t<\/div>\n\t<div class=\"cl\"><\/div>\n<\/div>\n<div class=\"form_info cmsmasters_checkboxes\">\n\t<label>Care sunt motivele care te determin\u0103 s\u0103 revii la cump\u0103r\u0103turi \u00een centrul nostru comercial?<\/label>\n\t<div class=\"check_parent\">\n\t\t<input type=\"checkbox\" name=\"cmsmasters_care_sunt_motivele_care_te_det\" id=\"cmsmasters_care_sunt_motivele_care_te_det1\" value=\"Diversitatea produselor\" \/>\n\t\t<label for=\"cmsmasters_care_sunt_motivele_care_te_det1\">Diversitatea produselor<\/label>\r\t<\/div>\n\t<div class=\"cl\"><\/div>\n\t<div class=\"check_parent\">\n\t\t<input type=\"checkbox\" name=\"cmsmasters_care_sunt_motivele_care_te_det\" id=\"cmsmasters_care_sunt_motivele_care_te_det2\" value=\"Pre\u021buri mici\" \/>\n\t\t<label for=\"cmsmasters_care_sunt_motivele_care_te_det2\">Pre\u021buri mici<\/label>\r\t<\/div>\n\t<div class=\"cl\"><\/div>\n\t<div class=\"check_parent\">\n\t\t<input type=\"checkbox\" name=\"cmsmasters_care_sunt_motivele_care_te_det\" id=\"cmsmasters_care_sunt_motivele_care_te_det3\" value=\"Aproape de cas\u0103\" \/>\n\t\t<label for=\"cmsmasters_care_sunt_motivele_care_te_det3\">Aproape de cas\u0103<\/label>\r\t<\/div>\n\t<div class=\"cl\"><\/div>\n\t<div class=\"check_parent\">\n\t\t<input type=\"checkbox\" name=\"cmsmasters_care_sunt_motivele_care_te_det\" id=\"cmsmasters_care_sunt_motivele_care_te_det4\" value=\"\u00cembr\u0103c\u0103minte\" \/>\n\t\t<label for=\"cmsmasters_care_sunt_motivele_care_te_det4\">\u00cembr\u0103c\u0103minte<\/label>\r\t<\/div>\n\t<div class=\"cl\"><\/div>\n\t<div class=\"check_parent\">\n\t\t<input type=\"checkbox\" name=\"cmsmasters_care_sunt_motivele_care_te_det\" id=\"cmsmasters_care_sunt_motivele_care_te_det5\" value=\"Cadouri\" \/>\n\t\t<label for=\"cmsmasters_care_sunt_motivele_care_te_det5\">Cadouri<\/label>\r\t<\/div>\n\t<div class=\"cl\"><\/div>\n\t<div class=\"check_parent\">\n\t\t<input type=\"checkbox\" name=\"cmsmasters_care_sunt_motivele_care_te_det\" id=\"cmsmasters_care_sunt_motivele_care_te_det6\" value=\"Altele\" \/>\n\t\t<label for=\"cmsmasters_care_sunt_motivele_care_te_det6\">Altele<\/label>\r\t<\/div>\n\t<div class=\"cl\"><\/div>\n<\/div>\n<div class=\"cl\"><\/div>\n<div id=\"form_710_builder_captcha\" class=\"form_info cmsmasters-form-builder-captcha g-recaptcha\" data-sitekey=\"6LdJ_yMUAAAAAMap9WySVi6rpYIf2l7QVPG8AHkv\"><\/div>\n<div class=\"cl\"><\/div>\n<div class=\"loading\"><\/div>\n<div class=\"form_info submit_wrap\">\n<a id=\"cmsmasters_710_formsend\" class=\"cmsmasters_button\" href=\"#\"><span>Trimite<\/span><\/a>\n<a style=\"margin:0 0 0 10px;\" id=\"cmsmasters_710_formclear\" class=\"cmsmasters_button\" href=\"#\" onclick=\"if (confirm('Do you really want to reset the form?')) document.getElementById('form_710').reset(); return false;\"><span>Reset<\/span><\/a>\n<\/div>\n<div class=\"cl\"><\/div>\n<\/form>\n<\/div><\/div>\n<\/div>\n<\/div>\n<\/div>\n<\/div>\n<\/div>\n<\/div>\n\n","protected":false},"excerpt":{"rendered":"","protected":false},"author":1,"featured_media":0,"parent":0,"menu_order":0,"comment_status":"closed","ping_status":"closed","template":"","meta":{"footnotes":""},"class_list":["post-529","page","type-page","status-publish","hentry"],"_links":{"self":[{"href":"https:\/\/cczimbrulsuceava.ro\/index.php\/wp-json\/wp\/v2\/pages\/529","targetHints":{"allow":["GET"]}}],"collection":[{"href":"https:\/\/cczimbrulsuceava.ro\/index.php\/wp-json\/wp\/v2\/pages"}],"about":[{"href":"https:\/\/cczimbrulsuceava.ro\/index.php\/wp-json\/wp\/v2\/types\/page"}],"author":[{"embeddable":true,"href":"https:\/\/cczimbrulsuceava.ro\/index.php\/wp-json\/wp\/v2\/users\/1"}],"replies":[{"embeddable":true,"href":"https:\/\/cczimbrulsuceava.ro\/index.php\/wp-json\/wp\/v2\/comments?post=529"}],"version-history":[{"count":28,"href":"https:\/\/cczimbrulsuceava.ro\/index.php\/wp-json\/wp\/v2\/pages\/529\/revisions"}],"predecessor-version":[{"id":9974,"href":"https:\/\/cczimbrulsuceava.ro\/index.php\/wp-json\/wp\/v2\/pages\/529\/revisions\/9974"}],"wp:attachment":[{"href":"https:\/\/cczimbrulsuceava.ro\/index.php\/wp-json\/wp\/v2\/media?parent=529"}],"curies":[{"name":"wp","href":"https:\/\/api.w.org\/{rel}","templated":true}]}}