{"id":60,"date":"2015-04-15T10:57:41","date_gmt":"2015-04-15T10:57:41","guid":{"rendered":"http:\/\/welfare.cmsmasters.net\/?page_id=60"},"modified":"2025-08-20T20:20:02","modified_gmt":"2025-08-20T20:20:02","slug":"about","status":"publish","type":"page","link":"https:\/\/cczimbrulsuceava.ro\/index.php\/about\/","title":{"rendered":"Despre noi"},"content":{"rendered":"<style type=\"text\/css\"> \n#cmsmasters_row_69f2a92637d61 { \n\tbackground-image: url(https:\/\/cczimbrulsuceava.ro\/wp-content\/uploads\/2015\/11\/05.jpg); \n\tbackground-position: center center; \n\tbackground-repeat: no-repeat; \n\tbackground-attachment: scroll; \n\tbackground-size: auto; \n} \n\n#cmsmasters_row_69f2a92637d61 .cmsmasters_row_outer_parent { \n\tpadding-top: 190px; \n} \n\n#cmsmasters_row_69f2a92637d61 .cmsmasters_row_outer_parent { \n\tpadding-bottom: 190px; \n} \n\n#cmsmasters_row_69f2a92637d61 .cmsmasters_row_overlay { \n\tbackground-color:rgba(0,0,0,0.2);\n} \n\n \n#cmsmasters_heading_69f2a92637eaf { \n\ttext-align:center; \n\tmargin-top:0px; \n\tmargin-bottom:0px; \n} \n\n#cmsmasters_heading_69f2a92637eaf .cmsmasters_heading { \n\ttext-align:center; \n} \n\n#cmsmasters_heading_69f2a92637eaf .cmsmasters_heading, #cmsmasters_heading_69f2a92637eaf .cmsmasters_heading a { \n\tfont-size:72px; \n\tline-height:76px; \n\tfont-weight:bold; \n\tfont-style:normal; \n\tcolor:#ffffff;\n} \n\n#cmsmasters_heading_69f2a92637eaf .cmsmasters_heading_divider { \n} \n\n \n#cmsmasters_row_69f2a92637f48 { \n\tbackground-color:#ffffff;\n} \n\n#cmsmasters_row_69f2a92637f48 .cmsmasters_row_outer_parent { \n\tpadding-top: 70px; \n} \n\n#cmsmasters_row_69f2a92637f48 .cmsmasters_row_outer_parent { \n\tpadding-bottom: 0px; \n} \n\n \n#cmsmasters_row_69f2a92637fc8 { \n\tbackground-color:#ffffff;\n} \n\n#cmsmasters_row_69f2a92637fc8 .cmsmasters_row_outer_parent { \n\tpadding-top: 30px; \n} \n\n#cmsmasters_row_69f2a92637fc8 .cmsmasters_row_outer_parent { \n\tpadding-bottom: 70px; \n} \n\n \n#cmsmasters_heading_69f2a926380ef { \n\ttext-align:left; \n\tmargin-top:40px; \n\tmargin-bottom:10px; \n} \n\n#cmsmasters_heading_69f2a926380ef .cmsmasters_heading { \n\ttext-align:left; \n} \n\n#cmsmasters_heading_69f2a926380ef .cmsmasters_heading, #cmsmasters_heading_69f2a926380ef .cmsmasters_heading a { \n\tfont-weight:700; \n\tfont-style:normal; \n} \n\n#cmsmasters_heading_69f2a926380ef .cmsmasters_heading_divider { \n} \n\n \n#cmsmasters_heading_69f2a926380f9 { \n\ttext-align:left; \n\tmargin-top:0px; \n\tmargin-bottom:30px; \n} \n\n#cmsmasters_heading_69f2a926380f9 .cmsmasters_heading { \n\ttext-align:left; \n} \n\n#cmsmasters_heading_69f2a926380f9 .cmsmasters_heading, #cmsmasters_heading_69f2a926380f9 .cmsmasters_heading a { \n\tfont-weight:700; \n\tfont-style:normal; \n} \n\n#cmsmasters_heading_69f2a926380f9 .cmsmasters_heading_divider { \n} \n\n \n#cmsmasters_heading_69f2a92638101 { \n\ttext-align:left; \n\tmargin-top:0px; \n\tmargin-bottom:10px; \n} \n\n#cmsmasters_heading_69f2a92638101 .cmsmasters_heading { \n\ttext-align:left; \n} \n\n#cmsmasters_heading_69f2a92638101 .cmsmasters_heading, #cmsmasters_heading_69f2a92638101 .cmsmasters_heading a { \n\tfont-weight:700; \n\tfont-style:normal; \n} \n\n#cmsmasters_heading_69f2a92638101 .cmsmasters_heading_divider { \n} \n\n \n#cmsmasters_heading_69f2a92638108 { \n\ttext-align:left; \n\tmargin-top:0px; \n\tmargin-bottom:30px; \n} \n\n#cmsmasters_heading_69f2a92638108 .cmsmasters_heading { \n\ttext-align:left; \n} \n\n#cmsmasters_heading_69f2a92638108 .cmsmasters_heading, #cmsmasters_heading_69f2a92638108 .cmsmasters_heading a { \n\tfont-weight:700; \n\tfont-style:normal; \n} \n\n#cmsmasters_heading_69f2a92638108 .cmsmasters_heading_divider { \n} \n\n \n#cmsmasters_heading_69f2a9263810f { \n\ttext-align:left; \n\tmargin-top:0px; \n\tmargin-bottom:10px; \n} \n\n#cmsmasters_heading_69f2a9263810f .cmsmasters_heading { \n\ttext-align:left; \n} \n\n#cmsmasters_heading_69f2a9263810f .cmsmasters_heading, #cmsmasters_heading_69f2a9263810f .cmsmasters_heading a { \n\tfont-weight:700; \n\tfont-style:normal; \n} \n\n#cmsmasters_heading_69f2a9263810f .cmsmasters_heading_divider { \n} \n\n \n#cmsmasters_heading_69f2a92638116 { \n\ttext-align:left; \n\tmargin-top:0px; \n\tmargin-bottom:30px; \n} \n\n#cmsmasters_heading_69f2a92638116 .cmsmasters_heading { \n\ttext-align:left; \n} \n\n#cmsmasters_heading_69f2a92638116 .cmsmasters_heading, #cmsmasters_heading_69f2a92638116 .cmsmasters_heading a { \n\tfont-weight:700; \n\tfont-style:normal; \n} \n\n#cmsmasters_heading_69f2a92638116 .cmsmasters_heading_divider { \n} \n\n \n#cmsmasters_row_69f2a92638172 .cmsmasters_row_outer_parent { \n\tpadding-top: 0px; \n} \n\n#cmsmasters_row_69f2a92638172 .cmsmasters_row_outer_parent { \n\tpadding-bottom: 0px; \n} \n\n#cmsmasters_row_69f2a92638172 .cmsmasters_row_inner.cmsmasters_row_fullwidth { \n\tpadding-left:0%; \n} \n#cmsmasters_row_69f2a92638172 .cmsmasters_row_inner.cmsmasters_row_fullwidth { \n\tpadding-right:0%; \n} \n \n#cmsmasters_divider_69f2a926381c4 { \n\tborder-bottom-width:1px; \n\tborder-bottom-style:solid; \n\tpadding-top:0px; \n\tmargin-bottom:0px; \n} \n \n#cmsmasters_row_69f2a926381d4 .cmsmasters_row_outer_parent { \n\tpadding-top: 70px; \n} \n\n#cmsmasters_row_69f2a926381d4 .cmsmasters_row_outer_parent { \n\tpadding-bottom: 70px; \n} \n\n \n#cmsmasters_divider_69f2a92638246 { \n\tborder-bottom-width:0px; \n\tborder-bottom-style:solid; \n\tpadding-top:50px; \n\tmargin-bottom:0px; \n} \n \n#cmsmasters_row_69f2a92638705 { \n\tbackground-image: url(https:\/\/cczimbrulsuceava.ro\/wp-content\/uploads\/2015\/11\/Depositphotos_55887459_origihnal.jpg); \n\tbackground-position: center center; \n\tbackground-repeat: no-repeat; \n\tbackground-attachment: scroll; \n\tbackground-size: cover; \n} \n\n#cmsmasters_row_69f2a92638705 .cmsmasters_row_outer_parent { \n\tpadding-top: 80px; \n} \n\n#cmsmasters_row_69f2a92638705 .cmsmasters_row_outer_parent { \n\tpadding-bottom: 80px; \n} \n\n \n#cmsmasters_divider_69f2a9263883d { \n\tborder-bottom-width:0px; \n\tborder-bottom-style:solid; \n\tpadding-top:50px; \n\tmargin-bottom:0px; \n} \n \n.cmsmasters_stats.shortcode_animated #cmsmasters_stat_69f2a926388cd.cmsmasters_stat { \n\theight:80%; \n} \n\n#cmsmasters_stat_69f2a926388cd .cmsmasters_stat_inner { \n\tbackground-color:#fa6426;\n} \n#cmsmasters_stat_69f2a926388cd .cmsmasters_stat_inner:before { \n} \n\n.cmsmasters_stats.shortcode_animated #cmsmasters_stat_69f2a92638918.cmsmasters_stat { \n\theight:98%; \n} \n\n#cmsmasters_stat_69f2a92638918 .cmsmasters_stat_inner { \n\tbackground-color:#0ecab6;\n} \n#cmsmasters_stat_69f2a92638918 .cmsmasters_stat_inner:before { \n} \n\n.cmsmasters_stats.shortcode_animated #cmsmasters_stat_69f2a92638957.cmsmasters_stat { \n\theight:80%; \n} \n\n#cmsmasters_stat_69f2a92638957 .cmsmasters_stat_inner { \n\tbackground-color:#fa26a3;\n} \n#cmsmasters_stat_69f2a92638957 .cmsmasters_stat_inner:before { \n} \n\n.cmsmasters_stats.shortcode_animated #cmsmasters_stat_69f2a92638992.cmsmasters_stat { \n\theight:100%; \n} \n\n#cmsmasters_stat_69f2a92638992 .cmsmasters_stat_inner { \n\tbackground-color:#92278f;\n} \n#cmsmasters_stat_69f2a92638992 .cmsmasters_stat_inner:before { \n} \n\n.cmsmasters_stats.shortcode_animated #cmsmasters_stat_69f2a926389c9.cmsmasters_stat { \n\theight:84%; \n} \n\n#cmsmasters_stat_69f2a926389c9 .cmsmasters_stat_inner { \n\tbackground-color:#ede11c;\n} \n#cmsmasters_stat_69f2a926389c9 .cmsmasters_stat_inner:before { \n} \n<\/style><div id=\"cmsmasters_row_69f2a92637d61\" class=\"cmsmasters_row cmsmasters_color_scheme_default cmsmasters_row_top_default cmsmasters_row_bot_default cmsmasters_row_boxed\" data-stellar-background-ratio=\"0.1\">\n<div class=\"cmsmasters_row_outer_parent\">\n<div class=\"cmsmasters_row_overlay\"><\/div>\n<div class=\"cmsmasters_row_outer\">\n<div class=\"cmsmasters_row_inner\">\n<div class=\"cmsmasters_row_margin\">\n<div class=\"cmsmasters_column one_first\">\n\n<div id=\"cmsmasters_heading_69f2a92637eaf\" class=\"cmsmasters_heading_wrap cmsmasters_heading_align_center\">\n\t<h1 class=\"cmsmasters_heading\">Despre noi<\/h1>\n<\/div>\n<\/div>\n<\/div>\n<\/div>\n<\/div>\n<\/div>\n<\/div>\n<div id=\"cmsmasters_row_69f2a92637f48\" class=\"cmsmasters_row cmsmasters_color_scheme_default cmsmasters_row_top_default cmsmasters_row_bot_default cmsmasters_row_boxed\">\n<div class=\"cmsmasters_row_outer_parent\">\n<div class=\"cmsmasters_row_outer\">\n<div class=\"cmsmasters_row_inner\">\n<div class=\"cmsmasters_row_margin\">\n<div class=\"cmsmasters_column one_first\">\n<div class=\"cmsmasters_text\">\n<h3 style=\"text-align: center;\"><span style=\"font-size: 24pt; line-height: 32pt; font-weight: bold;\">CENTRUL COMERCIAL &#8222;ZIMBRUL&#8221; SUCEAVA<\/span><\/h3>\n<h3 style=\"text-align: center;\"><span style=\"font-size: 24pt; line-height: 32pt; font-weight: bold;\"><span style=\"font-weight: 100;\">POVESTEA NOASTR\u0102 DE SUCCES<\/span><\/span><\/h3>\n<\/div>\n<\/div>\n<\/div>\n<\/div>\n<\/div>\n<\/div>\n<\/div>\n<div id=\"cmsmasters_row_69f2a92637fc8\" class=\"cmsmasters_row cmsmasters_color_scheme_default cmsmasters_row_top_default cmsmasters_row_bot_default cmsmasters_row_boxed\">\n<div class=\"cmsmasters_row_outer_parent\">\n<div class=\"cmsmasters_row_outer\">\n<div class=\"cmsmasters_row_inner\">\n<div class=\"cmsmasters_row_margin\">\n<div class=\"cmsmasters_column one_fourth\">\n<div class=\"cmsmasters_img  cmsmasters_image_n\">\n<img decoding=\"async\" src=\"https:\/\/cczimbrulsuceava.ro\/wp-content\/uploads\/2015\/11\/logo3.png\" alt=\"\" \/>\n<\/div>\n\n<div id=\"cmsmasters_heading_69f2a926380ef\" class=\"cmsmasters_heading_wrap cmsmasters_heading_align_left\">\n\t<h3 class=\"cmsmasters_heading\">Adres\u0103:<\/h3>\n<\/div>\n<div id=\"cmsmasters_heading_69f2a926380f9\" class=\"cmsmasters_heading_wrap cmsmasters_heading_align_left\">\n\t<h5 class=\"cmsmasters_heading\">str. Universit\u0103\u021bii, nr. 19, Suceava, Rom\u00e2nia<\/h5>\n<\/div>\n<div id=\"cmsmasters_heading_69f2a92638101\" class=\"cmsmasters_heading_wrap cmsmasters_heading_align_left\">\n\t<h3 class=\"cmsmasters_heading\">ORAR:<\/h3>\n<\/div>\n<div id=\"cmsmasters_heading_69f2a92638108\" class=\"cmsmasters_heading_wrap cmsmasters_heading_align_left\">\n\t<h5 class=\"cmsmasters_heading\">L-V: 09:00-19:00 | S: 09:00-18:00 | D: 10:00-15:00<\/h5>\n<\/div>\n<div id=\"cmsmasters_heading_69f2a9263810f\" class=\"cmsmasters_heading_wrap cmsmasters_heading_align_left\">\n\t<h3 class=\"cmsmasters_heading\">Contact:<\/h3>\n<\/div>\n<div id=\"cmsmasters_heading_69f2a92638116\" class=\"cmsmasters_heading_wrap cmsmasters_heading_align_left\">\n\t<h5 class=\"cmsmasters_heading\">serviciicomerciale@yahoo.com<\/h5>\n<\/div>\n<\/div>\n<div class=\"cmsmasters_column three_fourth\">\n<div class=\"cmsmasters_text\">\n<p><em><strong><u>C\u00e2nd nu \u0219tii ce s\u0103 por\u021bi, alege CCZ!<\/u><\/strong><\/em><\/p>\n<p>Istoria conceptului Complex Comercial Zimbru se reg\u0103se\u0219te \u00een perioada\u00a0anilor `70, c\u00e2nd pe amplasamentul actual se ridica fabrica de confec\u0163ii, care era o adev\u0103rat\u0103 m\u00e2ndrie pentru suceveni. \u015ei nu pentru c\u0103 era apreciat\u0103 de conducerea acelor vremuri, ci pentru c\u0103 cererea pentru export era enorm\u0103.\u00a0At\u00e2t de mare \u00eenc\u00e2t ajunsese cea mai mare fabric\u0103 de tricotaje din \u021bar\u0103, ceea ce \u00een epoc\u0103 nu era pu\u021bin lucru.<\/p>\n<p>Noi vom continua tradi\u021bia si credem c\u0103 ad\u0103ug\u0103m calitate trecerii prin aceste veacuri, oferind un centru comercial de retail modern, confort \u0219i elegan\u021b\u0103, o oaz\u0103 de optimism \u0219i vitalitate. Este un loc \u00een care s\u0103 g\u0103se\u015fti branduri importante din domeniul modei, bijuteriilor, accesoriilor, designului interior, o experien\u0163\u0103 unic\u0103 de shopping, deschis tuturor celor interesa\u0163i de calitatea produselor comercializate \u015fi a serviciilor prestate.<\/p>\n<p>CCZ a fost conceput ca un edificiu care s\u0103 acopere nevoile dumneavoastr\u0103 zilnice oferind un mix de servicii adaptat nevoilor dumneavoastr\u0103: radiologie dentar\u0103, stomatologie, laborator de analize medicale, sp\u0103latorie \u0219i cur\u0103\u021b\u0103torie ecologic\u0103, farmacie, wedding planner, retu\u0219uri croitorie, patiserie, cafeanea \u0219i ATM-uri disponibile.<\/p>\n<\/div>\n<\/div>\n<\/div>\n<\/div>\n<\/div>\n<\/div>\n<\/div>\n<div id=\"cmsmasters_row_69f2a92638172\" class=\"cmsmasters_row cmsmasters_color_scheme_default cmsmasters_row_top_default cmsmasters_row_bot_default cmsmasters_row_fullwidth\">\n<div class=\"cmsmasters_row_outer_parent\">\n<div class=\"cmsmasters_row_outer\">\n<div class=\"cmsmasters_row_inner cmsmasters_row_fullwidth\">\n<div class=\"cmsmasters_row_margin\">\n<div class=\"cmsmasters_column one_first\">\n\n<div id=\"cmsmasters_divider_69f2a926381c4\" class=\"cmsmasters_divider cmsmasters_divider_width_long cmsmasters_divider_pos_center\"><\/div>\n<\/div>\n<\/div>\n<\/div>\n<\/div>\n<\/div>\n<\/div>\n<div id=\"cmsmasters_row_69f2a926381d4\" class=\"cmsmasters_row cmsmasters_color_scheme_default cmsmasters_row_top_default cmsmasters_row_bot_default cmsmasters_row_boxed\">\n<div class=\"cmsmasters_row_outer_parent\">\n<div class=\"cmsmasters_row_outer\">\n<div class=\"cmsmasters_row_inner\">\n<div class=\"cmsmasters_row_margin\">\n<div class=\"cmsmasters_column one_first\">\n<div class=\"cmsmasters_text\">\n<h3 style=\"text-align: center;\"><span style=\"font-size: 24pt; line-height: 32pt; font-weight: bold;\">TESTIMONIALELE <span style=\"font-weight: 100;\">CLIEN\u021aILOR NO\u0218TRI<\/span><\/span><\/h3>\n<\/div>\n\n<div id=\"cmsmasters_divider_69f2a92638246\" class=\"cl\"><\/div><div class=\"cmsmasters_quotes cmsmasters_quotes_grid quote_two\">\n<span class=\"cmsmasters_quotes_vert\"><span><\/span><\/span><div class=\"cmsmasters_quotes_list\">\n<div class=\"cmsmasters_quote\">\n\r\n<!--_________________________ Start Grid Article _________________________ -->\r\n\r\n<article class=\"cmsmasters_quote_inner\">\r\n<div class=\"cmsmasters_quote_img_info_wrap\"><figure class=\"cmsmasters_quote_image\"><img loading=\"lazy\" decoding=\"async\" width=\"300\" height=\"300\" src=\"https:\/\/cczimbrulsuceava.ro\/wp-content\/uploads\/2015\/11\/03-300x300.jpg\" class=\"attachment-square-thumb size-square-thumb\" alt=\"\" srcset=\"https:\/\/cczimbrulsuceava.ro\/wp-content\/uploads\/2015\/11\/03-300x300.jpg 300w, https:\/\/cczimbrulsuceava.ro\/wp-content\/uploads\/2015\/11\/03-150x150.jpg 150w, https:\/\/cczimbrulsuceava.ro\/wp-content\/uploads\/2015\/11\/03-60x60.jpg 60w, https:\/\/cczimbrulsuceava.ro\/wp-content\/uploads\/2015\/11\/03-180x180.jpg 180w, https:\/\/cczimbrulsuceava.ro\/wp-content\/uploads\/2015\/11\/03-600x600.jpg 600w\" sizes=\"auto, (max-width: 300px) 100vw, 300px\" \/><\/figure><div class=\"cmsmasters_quote_info_wrap\"><header class=\"cmsmasters_quote_header\"><h3 class=\"cmsmasters_quote_title\">Pusa Iacob<\/h3><\/header><div class=\"cmsmasters_quote_subtitle_wrap\"><h5 class=\"cmsmasters_quote_subtitle\">Student<\/h5><\/div><\/div><\/div><div class=\"cmsmasters_quote_content\"><p>Dr\u0103gu\u021b, ai ce vedea \u0219i ce cump\u0103ra. G\u0103se\u0219ti pe toate gusturile \u0219i pentru toate buzunarele. Recomand.<\/p>\n<\/div><\/article>\r\n<!--_________________________ Finish Grid Article _________________________ -->\r\n\r\n<\/div>\n<div class=\"cmsmasters_quote\">\n\r\n<!--_________________________ Start Grid Article _________________________ -->\r\n\r\n<article class=\"cmsmasters_quote_inner\">\r\n<div class=\"cmsmasters_quote_img_info_wrap\"><figure class=\"cmsmasters_quote_image\"><img loading=\"lazy\" decoding=\"async\" width=\"300\" height=\"300\" src=\"https:\/\/cczimbrulsuceava.ro\/wp-content\/uploads\/2015\/11\/04-300x300.jpg\" class=\"attachment-square-thumb size-square-thumb\" alt=\"\" srcset=\"https:\/\/cczimbrulsuceava.ro\/wp-content\/uploads\/2015\/11\/04-300x300.jpg 300w, https:\/\/cczimbrulsuceava.ro\/wp-content\/uploads\/2015\/11\/04-150x150.jpg 150w, https:\/\/cczimbrulsuceava.ro\/wp-content\/uploads\/2015\/11\/04-60x60.jpg 60w, https:\/\/cczimbrulsuceava.ro\/wp-content\/uploads\/2015\/11\/04-180x180.jpg 180w, https:\/\/cczimbrulsuceava.ro\/wp-content\/uploads\/2015\/11\/04-600x600.jpg 600w\" sizes=\"auto, (max-width: 300px) 100vw, 300px\" \/><\/figure><div class=\"cmsmasters_quote_info_wrap\"><header class=\"cmsmasters_quote_header\"><h3 class=\"cmsmasters_quote_title\">Homeniuc Adrian<\/h3><\/header><div class=\"cmsmasters_quote_subtitle_wrap\"><h5 class=\"cmsmasters_quote_subtitle\">Manager<\/h5><\/div><\/div><\/div><div class=\"cmsmasters_quote_content\"><p>Un centru comercial cu c\u00e2teva magazine interesante, o cafenea \u0219i un restaurant. Pentru bijuterii deosebite recomand magazinul Janette.<\/p>\n<\/div><\/article>\r\n<!--_________________________ Finish Grid Article _________________________ -->\r\n\r\n<\/div>\n<span class=\"cl\"><\/span><\/div><div class=\"cmsmasters_quotes_list\"><div class=\"cmsmasters_quote\">\n\r\n<!--_________________________ Start Grid Article _________________________ -->\r\n\r\n<article class=\"cmsmasters_quote_inner\">\r\n<div class=\"cmsmasters_quote_img_info_wrap\"><figure class=\"cmsmasters_quote_image\"><img loading=\"lazy\" decoding=\"async\" width=\"300\" height=\"300\" src=\"https:\/\/cczimbrulsuceava.ro\/wp-content\/uploads\/2015\/11\/05-300x300.jpg\" class=\"attachment-square-thumb size-square-thumb\" alt=\"\" srcset=\"https:\/\/cczimbrulsuceava.ro\/wp-content\/uploads\/2015\/11\/05-300x300.jpg 300w, https:\/\/cczimbrulsuceava.ro\/wp-content\/uploads\/2015\/11\/05-150x150.jpg 150w, https:\/\/cczimbrulsuceava.ro\/wp-content\/uploads\/2015\/11\/05-60x60.jpg 60w, https:\/\/cczimbrulsuceava.ro\/wp-content\/uploads\/2015\/11\/05-180x180.jpg 180w, https:\/\/cczimbrulsuceava.ro\/wp-content\/uploads\/2015\/11\/05-600x600.jpg 600w\" sizes=\"auto, (max-width: 300px) 100vw, 300px\" \/><\/figure><div class=\"cmsmasters_quote_info_wrap\"><header class=\"cmsmasters_quote_header\"><h3 class=\"cmsmasters_quote_title\">Sorin Lolca<\/h3><\/header><div class=\"cmsmasters_quote_subtitle_wrap\"><h5 class=\"cmsmasters_quote_subtitle\">\u0218ofer<\/h5><\/div><\/div><\/div><div class=\"cmsmasters_quote_content\"><p>Ambian\u021b\u0103 pl\u0103cut\u0103, curat, aerisit, personal amabil, m\u0103rfuri variate pentru diferite ocazii.<\/p>\n<\/div><\/article>\r\n<!--_________________________ Finish Grid Article _________________________ -->\r\n\r\n<\/div>\n<div class=\"cmsmasters_quote\">\n\r\n<!--_________________________ Start Grid Article _________________________ -->\r\n\r\n<article class=\"cmsmasters_quote_inner\">\r\n<div class=\"cmsmasters_quote_img_info_wrap\"><figure class=\"cmsmasters_quote_image\"><img loading=\"lazy\" decoding=\"async\" width=\"300\" height=\"300\" src=\"https:\/\/cczimbrulsuceava.ro\/wp-content\/uploads\/2015\/11\/01-300x300.jpg\" class=\"attachment-square-thumb size-square-thumb\" alt=\"\" srcset=\"https:\/\/cczimbrulsuceava.ro\/wp-content\/uploads\/2015\/11\/01-300x300.jpg 300w, https:\/\/cczimbrulsuceava.ro\/wp-content\/uploads\/2015\/11\/01-150x150.jpg 150w, https:\/\/cczimbrulsuceava.ro\/wp-content\/uploads\/2015\/11\/01-60x60.jpg 60w, https:\/\/cczimbrulsuceava.ro\/wp-content\/uploads\/2015\/11\/01-180x180.jpg 180w, https:\/\/cczimbrulsuceava.ro\/wp-content\/uploads\/2015\/11\/01-600x600.jpg 600w\" sizes=\"auto, (max-width: 300px) 100vw, 300px\" \/><\/figure><div class=\"cmsmasters_quote_info_wrap\"><header class=\"cmsmasters_quote_header\"><h3 class=\"cmsmasters_quote_title\">L\u0103z\u0103reanu Mihai<\/h3><\/header><div class=\"cmsmasters_quote_subtitle_wrap\"><h5 class=\"cmsmasters_quote_subtitle\">Antreprenor<\/h5><\/div><\/div><\/div><div class=\"cmsmasters_quote_content\"><p>Un magazin cu multe standuri. Produse de calitate \u0219i diversificate. \u00cembr\u0103c\u0103minte \u0219i \u00eenc\u0103l\u021b\u0103minte pentru toate v\u00e2rstele, cadouri \u0219i produse personalizate.<\/p>\n<\/div><\/article>\r\n<!--_________________________ Finish Grid Article _________________________ -->\r\n\r\n<\/div>\n<span class=\"cl\"><\/span><\/div>\n<\/div>\n<\/div>\n<\/div>\n<\/div>\n<\/div>\n<\/div>\n<\/div>\n<div id=\"cmsmasters_row_69f2a92638705\" class=\"cmsmasters_row cmsmasters_color_scheme_default cmsmasters_row_top_default cmsmasters_row_bot_default cmsmasters_row_boxed\">\n<div class=\"cmsmasters_row_outer_parent\">\n<div class=\"cmsmasters_row_outer\">\n<div class=\"cmsmasters_row_inner\">\n<div class=\"cmsmasters_row_margin\">\n<div class=\"cmsmasters_column one_first\">\n<div class=\"cmsmasters_text\">\n<h3 style=\"text-align: center;\"><span style=\"font-size: 24pt; line-height: 32pt; font-weight: bold;\">PREFERIN\u021aELE\u00a0<span style=\"font-weight: 100;\">CELOR CE NE TREC PRAGUL<\/span><\/span><\/h3>\n<\/div>\n\n<div id=\"cmsmasters_divider_69f2a9263883d\" class=\"cl\"><\/div> \n<div class=\"cmsmasters_stats stats_mode_bars stats_type_vertical\"><div class=\"cmsmasters_stat_wrap one_fifth\">\n<div class=\"cmsmasters_stat_container\">\n<div id=\"cmsmasters_stat_69f2a926388cd\" class=\"cmsmasters_stat stat_has_titleicon\" data-percent=\"80\">\n<div class=\"cmsmasters_stat_inner cmsmasters-icon-game\">\n<div class=\"cmsmasters_stat_title_counter_wrap\"><span class=\"cmsmasters_stat_counter_wrap\"><span class=\"cmsmasters_stat_counter\">80<\/span><span class=\"cmsmasters_stat_units\">%<\/span><\/span><span class=\"cmsmasters_stat_title\">Distrac\u021bie, fericire, emo\u021bii<\/span><\/div><\/div>\n<\/div>\n<\/div>\n<\/div><div class=\"cmsmasters_stat_wrap one_fifth\">\n<div class=\"cmsmasters_stat_container\">\n<div id=\"cmsmasters_stat_69f2a92638918\" class=\"cmsmasters_stat stat_has_titleicon\" data-percent=\"98\">\n<div class=\"cmsmasters_stat_inner cmsmasters-icon-angellist\">\n<div class=\"cmsmasters_stat_title_counter_wrap\"><span class=\"cmsmasters_stat_counter_wrap\"><span class=\"cmsmasters_stat_counter\">98<\/span><span class=\"cmsmasters_stat_units\">%<\/span><\/span><span class=\"cmsmasters_stat_title\">M\u00e2ncare &amp; B\u0103utur\u0103 pentru toat\u0103 lumea<\/span><\/div><\/div>\n<\/div>\n<\/div>\n<\/div><div class=\"cmsmasters_stat_wrap one_fifth\">\n<div class=\"cmsmasters_stat_container\">\n<div id=\"cmsmasters_stat_69f2a92638957\" class=\"cmsmasters_stat stat_has_titleicon\" data-percent=\"80\">\n<div class=\"cmsmasters_stat_inner cmsmasters-icon-bag-1\">\n<div class=\"cmsmasters_stat_title_counter_wrap\"><span class=\"cmsmasters_stat_counter_wrap\"><span class=\"cmsmasters_stat_counter\">80<\/span><span class=\"cmsmasters_stat_units\">%<\/span><\/span><span class=\"cmsmasters_stat_title\">Cump\u0103r\u0103turi &amp; Discounturi<\/span><\/div><\/div>\n<\/div>\n<\/div>\n<\/div><div class=\"cmsmasters_stat_wrap one_fifth\">\n<div class=\"cmsmasters_stat_container\">\n<div id=\"cmsmasters_stat_69f2a92638992\" class=\"cmsmasters_stat stat_has_titleicon\" data-percent=\"100\">\n<div class=\"cmsmasters_stat_inner cmsmasters-icon-smile-1\">\n<div class=\"cmsmasters_stat_title_counter_wrap\"><span class=\"cmsmasters_stat_counter_wrap\"><span class=\"cmsmasters_stat_counter\">100<\/span><span class=\"cmsmasters_stat_units\">%<\/span><\/span><span class=\"cmsmasters_stat_title\">Facilit\u0103\u021bi \u0219i divertisment<\/span><\/div><\/div>\n<\/div>\n<\/div>\n<\/div><div class=\"cmsmasters_stat_wrap one_fifth\">\n<div class=\"cmsmasters_stat_container\">\n<div id=\"cmsmasters_stat_69f2a926389c9\" class=\"cmsmasters_stat stat_has_titleicon\" data-percent=\"84\">\n<div class=\"cmsmasters_stat_inner cmsmasters-icon-mustache\">\n<div class=\"cmsmasters_stat_title_counter_wrap\"><span class=\"cmsmasters_stat_counter_wrap\"><span class=\"cmsmasters_stat_counter\">84<\/span><span class=\"cmsmasters_stat_units\">%<\/span><\/span><span class=\"cmsmasters_stat_title\">Weekend \u00een familie<\/span><\/div><\/div>\n<\/div>\n<\/div>\n<\/div><\/div>\n<\/div>\n<\/div>\n<\/div>\n<\/div>\n<\/div>\n<\/div>\n\n","protected":false},"excerpt":{"rendered":"","protected":false},"author":1,"featured_media":9535,"parent":0,"menu_order":0,"comment_status":"closed","ping_status":"closed","template":"","meta":{"footnotes":""},"class_list":["post-60","page","type-page","status-publish","has-post-thumbnail","hentry"],"_links":{"self":[{"href":"https:\/\/cczimbrulsuceava.ro\/index.php\/wp-json\/wp\/v2\/pages\/60","targetHints":{"allow":["GET"]}}],"collection":[{"href":"https:\/\/cczimbrulsuceava.ro\/index.php\/wp-json\/wp\/v2\/pages"}],"about":[{"href":"https:\/\/cczimbrulsuceava.ro\/index.php\/wp-json\/wp\/v2\/types\/page"}],"author":[{"embeddable":true,"href":"https:\/\/cczimbrulsuceava.ro\/index.php\/wp-json\/wp\/v2\/users\/1"}],"replies":[{"embeddable":true,"href":"https:\/\/cczimbrulsuceava.ro\/index.php\/wp-json\/wp\/v2\/comments?post=60"}],"version-history":[{"count":17,"href":"https:\/\/cczimbrulsuceava.ro\/index.php\/wp-json\/wp\/v2\/pages\/60\/revisions"}],"predecessor-version":[{"id":9978,"href":"https:\/\/cczimbrulsuceava.ro\/index.php\/wp-json\/wp\/v2\/pages\/60\/revisions\/9978"}],"wp:featuredmedia":[{"embeddable":true,"href":"https:\/\/cczimbrulsuceava.ro\/index.php\/wp-json\/wp\/v2\/media\/9535"}],"wp:attachment":[{"href":"https:\/\/cczimbrulsuceava.ro\/index.php\/wp-json\/wp\/v2\/media?parent=60"}],"curies":[{"name":"wp","href":"https:\/\/api.w.org\/{rel}","templated":true}]}}